{"id":14121,"date":"2023-04-19T13:35:44","date_gmt":"2023-04-19T13:35:44","guid":{"rendered":"https:\/\/wolfshoehe.de\/imprint\/"},"modified":"2025-11-24T10:16:12","modified_gmt":"2025-11-24T10:16:12","slug":"imprint","status":"publish","type":"page","link":"https:\/\/wolfshoehe.de\/en\/imprint\/","title":{"rendered":"Imprint Wolfsh\u00f6her Tonwerke GmbH &#038; Co KG"},"content":{"rendered":"\t\t<div data-elementor-type=\"wp-page\" data-elementor-id=\"14121\" class=\"elementor elementor-14121 elementor-6694\" data-elementor-post-type=\"page\">\n\t\t\t\t\t\t<section class=\"elementor-section elementor-top-section elementor-element elementor-element-6e1b05e section-1080 section-imprint elementor-section-boxed elementor-section-height-default elementor-section-height-default\" data-id=\"6e1b05e\" data-element_type=\"section\" data-e-type=\"section\">\n\t\t\t\t\t\t<div class=\"elementor-container elementor-column-gap-default\">\n\t\t\t\t\t<div class=\"elementor-column elementor-col-100 elementor-top-column elementor-element elementor-element-48a5898\" data-id=\"48a5898\" data-element_type=\"column\" data-e-type=\"column\">\n\t\t\t<div class=\"elementor-widget-wrap elementor-element-populated\">\n\t\t\t\t\t\t<div class=\"elementor-element elementor-element-b7b82ff elementor-widget elementor-widget-heading\" data-id=\"b7b82ff\" data-element_type=\"widget\" data-e-type=\"widget\" data-widget_type=\"heading.default\">\n\t\t\t\t<div class=\"elementor-widget-container\">\n\t\t\t\t\t<h1 class=\"elementor-heading-title elementor-size-default\">Imprint<\/h1>\t\t\t\t<\/div>\n\t\t\t\t<\/div>\n\t\t\t\t<div class=\"elementor-element elementor-element-fab285c elementor-widget elementor-widget-text-editor\" data-id=\"fab285c\" data-element_type=\"widget\" data-e-type=\"widget\" data-widget_type=\"text-editor.default\">\n\t\t\t\t<div class=\"elementor-widget-container\">\n\t\t\t\t\t\t\t\t\t<h3>Wolfsh\u00f6her Tonwerke GmbH &amp; Co. KG<\/h3>\n<p>Wolfsh\u00f6he 2 <br \/>D-91233 Neunkirchen am Sand <\/p>\n<p>info(at)wolfshoehe.de <br \/>Phone: +49 9153 92620 <\/p>\n<p>Managing directors: Carolin K\u00fcgel, Manuela Lutz, Axel Wolf<br \/>VAT ID no.: DE 813 664 217<\/p>\n<p>Wolfsh\u00f6her Tonwerke GmbH &amp; Co KG is registered in the commercial register at Nuremberg District Court under the number HRA 13098. The personally liable partner is Wolfsh\u00f6her Verwaltungs GmbH, registered at the Nuremberg District Court under the number HRB 20021, represented by Carolin K\u00fcgel, Manuela Lutz and Axel Wolf.<\/p>\n<p>Our General Terms and Conditions of Sale and Delivery <a href=\"https:\/\/wolfshoehe.de\/wp-content\/uploads\/2023\/07\/AVB_DE.pdf\">can be downloaded here.<\/a><\/p>\n<h3>Disclaimer<\/h3>\n<p>Liability claims against the operator relating to material or non-material damage caused by the use or non-use of the information provided, or by the use of incorrect or incomplete information, are generally excluded, provided that there is no demonstrable intentional or grossly negligent fault on the part of the operator. Where content is created by third parties, the respective author is named. In these cases, the author of the respective document or his client is responsible for the content. The operator is not obliged to monitor the third-party information transmitted or stored by him or to investigate circumstances that indicate illegal activity. The operator assumes no liability for the topicality, correctness, completeness or quality of the information provided. All offers are subject to change and non-binding. The operator expressly reserves the right to change, supplement or delete parts of the pages or the entire offer without separate notice or to discontinue publication temporarily or permanently.<\/p>\n<h3>Commercial use<\/h3>\n<p>Commercial use of the contents of this homepage is not permitted. In addition, the automatic reading of data by software is prohibited.<\/p>\n<h3>Trademark<\/h3>\n<p>All trademarks, common names, trade names, product names, etc. are property of the respective companies\/persons and, even without identification, do not justify the assumption that such names are to be regarded as free within the meaning of trademark and brand protection legislation and may therefore be used by anyone.<\/p>\n<h3>Links<\/h3>\n<p>In its judgment of May 12, 1998 &#8211; 312 O 85\/98 &#8211; &#8220;Liability for links&#8221;, the Hamburg Regional Court ruled that the insertion of a link may entail co-responsibility for the content of the linked page. According to the regional court, this can only be prevented by explicitly distancing oneself from this content. The operator hereby explicitly distances itself from all contents of all linked pages on this homepage and does not adopt these contents as its own. The operator expressly emphasizes that it has no influence whatsoever on the design and content of such sites. This declaration applies to all links on this homepage and to all contents of the pages to which links or banners lead.<\/p>\n<h3>Legal effectiveness<\/h3>\n<p>This disclaimer is to be regarded as part of the internet publication which you were referred from. If parts or individual formulations of this text do not, no longer or not fully comply with the current legal situation, the content and validity of the remaining parts of the document remain unaffected.<\/p>\n<h3>Consent of the users<\/h3>\n<p>By using this website, you agree to the above mentioned terms and conditions. If this is not the case, you are free not to use the internet offer of this homepage.<\/p>\n<h3>Privacy<\/h3>\n<p>Insofar as personal data (e.g. name, address or e-mail addresses) is collected on our website, this is always done on a voluntary basis as far as possible. The use of the offers and services is, as far as possible, always possible without providing personal data. We hereby expressly prohibit the use of contact data published in the context of the imprint obligation by third parties for sending unsolicited advertising and information material. The operators of this website expressly reserve the right to take legal action in the event of the unsolicited sending of advertising information, such as spam e-mails.<\/p>\n\t\t\t\t\t\t\t\t<\/div>\n\t\t\t\t<\/div>\n\t\t\t\t\t<\/div>\n\t\t<\/div>\n\t\t\t\t\t<\/div>\n\t\t<\/section>\n\t\t\t\t<\/div>\n\t\t","protected":false},"excerpt":{"rendered":"<p>Imprint Wolfsh\u00f6her Tonwerke GmbH &amp; Co. KG Wolfsh\u00f6he 2 D-91233 Neunkirchen am Sand info(at)wolfshoehe.de Phone: +49 9153 92620 Managing directors: Carolin K\u00fcgel, Manuela Lutz, Axel WolfVAT ID no.: DE 813 664 217 Wolfsh\u00f6her Tonwerke GmbH &amp; Co KG is registered in the commercial register at Nuremberg District Court under the number HRA 13098. The personally [&hellip;]<\/p>\n","protected":false},"author":1,"featured_media":0,"parent":0,"menu_order":0,"comment_status":"closed","ping_status":"closed","template":"","meta":{"_acf_changed":false,"inline_featured_image":false,"footnotes":""},"class_list":["post-14121","page","type-page","status-publish","hentry"],"acf":[],"yoast_head":"<!-- This site is optimized with the Yoast SEO Premium plugin v23.0 (Yoast SEO v27.0) - https:\/\/yoast.com\/product\/yoast-seo-premium-wordpress\/ -->\n<title>Imprint Wolfsh\u00f6her Tonwerke GmbH &amp; Co KG<\/title>\n<meta name=\"description\" content=\"Here you will find the imprint of our website with all legally required information, incl. the sales tax identification number.\" \/>\n<meta name=\"robots\" content=\"index, follow, max-snippet:-1, max-image-preview:large, max-video-preview:-1\" \/>\n<link rel=\"canonical\" href=\"https:\/\/wolfshoehe.de\/en\/imprint\/\" \/>\n<meta property=\"og:locale\" content=\"en_US\" \/>\n<meta property=\"og:type\" content=\"article\" \/>\n<meta property=\"og:title\" content=\"Imprint Wolfsh\u00f6her Tonwerke GmbH &amp; Co KG\" \/>\n<meta property=\"og:description\" content=\"Here you will find the imprint of our website with all legally required information, incl. the sales tax identification number.\" \/>\n<meta property=\"og:url\" content=\"https:\/\/wolfshoehe.de\/en\/imprint\/\" \/>\n<meta property=\"og:site_name\" content=\"Wolfsh\u00f6her Tonwerke\" \/>\n<meta property=\"article:publisher\" content=\"https:\/\/www.facebook.com\/wolfshoehertonwerke\/\" \/>\n<meta property=\"article:modified_time\" content=\"2025-11-24T10:16:12+00:00\" \/>\n<meta name=\"twitter:card\" content=\"summary_large_image\" \/>\n<meta name=\"twitter:label1\" content=\"Est. reading time\" \/>\n\t<meta name=\"twitter:data1\" content=\"4 minutes\" \/>\n<!-- \/ Yoast SEO Premium plugin. -->","yoast_head_json":{"title":"Imprint Wolfsh\u00f6her Tonwerke GmbH & Co KG","description":"Here you will find the imprint of our website with all legally required information, incl. the sales tax identification number.","robots":{"index":"index","follow":"follow","max-snippet":"max-snippet:-1","max-image-preview":"max-image-preview:large","max-video-preview":"max-video-preview:-1"},"canonical":"https:\/\/wolfshoehe.de\/en\/imprint\/","og_locale":"en_US","og_type":"article","og_title":"Imprint Wolfsh\u00f6her Tonwerke GmbH & Co KG","og_description":"Here you will find the imprint of our website with all legally required information, incl. the sales tax identification number.","og_url":"https:\/\/wolfshoehe.de\/en\/imprint\/","og_site_name":"Wolfsh\u00f6her Tonwerke","article_publisher":"https:\/\/www.facebook.com\/wolfshoehertonwerke\/","article_modified_time":"2025-11-24T10:16:12+00:00","twitter_card":"summary_large_image","twitter_misc":{"Est. reading time":"4 minutes"},"schema":{"@context":"https:\/\/schema.org","@graph":[{"@type":"WebPage","@id":"https:\/\/wolfshoehe.de\/en\/imprint\/","url":"https:\/\/wolfshoehe.de\/en\/imprint\/","name":"Imprint Wolfsh\u00f6her Tonwerke GmbH & Co KG","isPartOf":{"@id":"https:\/\/wolfshoehe.de\/en\/#website"},"datePublished":"2023-04-19T13:35:44+00:00","dateModified":"2025-11-24T10:16:12+00:00","description":"Here you will find the imprint of our website with all legally required information, incl. the sales tax identification number.","breadcrumb":{"@id":"https:\/\/wolfshoehe.de\/en\/imprint\/#breadcrumb"},"inLanguage":"en-US","potentialAction":[{"@type":"ReadAction","target":["https:\/\/wolfshoehe.de\/en\/imprint\/"]}]},{"@type":"BreadcrumbList","@id":"https:\/\/wolfshoehe.de\/en\/imprint\/#breadcrumb","itemListElement":[{"@type":"ListItem","position":1,"name":"Home","item":"https:\/\/wolfshoehe.de\/en\/"},{"@type":"ListItem","position":2,"name":"Imprint Wolfsh\u00f6her Tonwerke GmbH &#038; Co KG"}]},{"@type":"WebSite","@id":"https:\/\/wolfshoehe.de\/en\/#website","url":"https:\/\/wolfshoehe.de\/en\/","name":"Wolfsh\u00f6her Tonwerke","description":"","publisher":{"@id":"https:\/\/wolfshoehe.de\/en\/#organization"},"potentialAction":[{"@type":"SearchAction","target":{"@type":"EntryPoint","urlTemplate":"https:\/\/wolfshoehe.de\/en\/?s={search_term_string}"},"query-input":{"@type":"PropertyValueSpecification","valueRequired":true,"valueName":"search_term_string"}}],"inLanguage":"en-US"},{"@type":"Organization","@id":"https:\/\/wolfshoehe.de\/en\/#organization","name":"Wolfsh\u00f6her Tonwerke","url":"https:\/\/wolfshoehe.de\/en\/","logo":{"@type":"ImageObject","inLanguage":"en-US","@id":"https:\/\/wolfshoehe.de\/en\/#\/schema\/logo\/image\/","url":"https:\/\/wolfshoehe.de\/wp-content\/uploads\/2023\/04\/wh_logo_farbe.png","contentUrl":"https:\/\/wolfshoehe.de\/wp-content\/uploads\/2023\/04\/wh_logo_farbe.png","width":125,"height":80,"caption":"Wolfsh\u00f6her Tonwerke"},"image":{"@id":"https:\/\/wolfshoehe.de\/en\/#\/schema\/logo\/image\/"},"sameAs":["https:\/\/www.facebook.com\/wolfshoehertonwerke\/","https:\/\/www.instagram.com\/wolfshoeher_tonwerke\/","https:\/\/www.youtube.com\/wolfshoehertonwerke","https:\/\/de.wikipedia.org\/wiki\/Wolfsh\u00f6her_Tonwerke"]}]}},"_links":{"self":[{"href":"https:\/\/wolfshoehe.de\/en\/wp-json\/wp\/v2\/pages\/14121","targetHints":{"allow":["GET"]}}],"collection":[{"href":"https:\/\/wolfshoehe.de\/en\/wp-json\/wp\/v2\/pages"}],"about":[{"href":"https:\/\/wolfshoehe.de\/en\/wp-json\/wp\/v2\/types\/page"}],"author":[{"embeddable":true,"href":"https:\/\/wolfshoehe.de\/en\/wp-json\/wp\/v2\/users\/1"}],"replies":[{"embeddable":true,"href":"https:\/\/wolfshoehe.de\/en\/wp-json\/wp\/v2\/comments?post=14121"}],"version-history":[{"count":3,"href":"https:\/\/wolfshoehe.de\/en\/wp-json\/wp\/v2\/pages\/14121\/revisions"}],"predecessor-version":[{"id":36514,"href":"https:\/\/wolfshoehe.de\/en\/wp-json\/wp\/v2\/pages\/14121\/revisions\/36514"}],"wp:attachment":[{"href":"https:\/\/wolfshoehe.de\/en\/wp-json\/wp\/v2\/media?parent=14121"}],"curies":[{"name":"wp","href":"https:\/\/api.w.org\/{rel}","templated":true}]}}